{"id":303,"date":"2025-11-17T20:45:04","date_gmt":"2025-11-17T11:45:04","guid":{"rendered":"https:\/\/ikeguchi-kucho.com\/?page_id=303"},"modified":"2025-11-19T22:08:19","modified_gmt":"2025-11-19T13:08:19","slug":"%e7%a9%ba%e8%aa%bf%e5%85%a5%e3%82%8c%e6%9b%bf%e3%81%88%e5%b7%a5%e4%ba%8b","status":"publish","type":"page","link":"https:\/\/ikeguchi-kucho.com\/?page_id=303","title":{"rendered":"\u7a7a\u8abf\u5165\u308c\u66ff\u3048\u5de5\u4e8b"},"content":{"rendered":"\n<h2 class=\"wp-block-heading\">\u7a7a\u8abf\u5165\u308c\u66ff\u3048\u30fb\u6539\u4fee\u5de5\u4e8b (SERVICE)<\/h2>\n\n\n\n<h3 class=\"wp-block-heading\"><strong>\u305d\u306e\u30a8\u30a2\u30b3\u30f3\u3001\u4ea4\u63db\u6642\u671f\u304b\u3082\uff1f<\/strong><\/h3>\n\n\n\n<p><strong>\u5948\u826f\u3092\u4e2d\u5fc3\u3068\u3057\u305f\u95a2\u897f\u4e00\u5186\u306e\u7a7a\u8abf\u8a2d\u5099\u5165\u308c\u66ff\u3048\u30fb\u6539\u4fee\u5de5\u4e8b\u306f<span class=\"swl-fz u-fz-l\">\u6c60\u53e3\u7a7a\u8abf\u8a2d\u5099\u3078<\/span><\/strong><\/p>\n\n\n\n<figure class=\"wp-block-image size-large\"><img decoding=\"async\" width=\"1024\" height=\"576\" src=\"https:\/\/ikeguchi-kucho.com\/wp-content\/uploads\/2025\/11\/\u7a7a\u8abf\u53d6\u66ff\u4fee\u7406-1024x576.jpg\" alt=\"\u5948\u826f\u306e\u7a7a\u8abf\u8a2d\u5099\u306a\u3089\u6c60\u53e3\u7a7a\u8abf\u8a2d\u5099\u3000\u7a7a\u8abf\u53d6\u66ff\u4fee\u7406\" class=\"wp-image-304\" srcset=\"https:\/\/ikeguchi-kucho.com\/wp-content\/uploads\/2025\/11\/\u7a7a\u8abf\u53d6\u66ff\u4fee\u7406-1024x576.jpg 1024w, https:\/\/ikeguchi-kucho.com\/wp-content\/uploads\/2025\/11\/\u7a7a\u8abf\u53d6\u66ff\u4fee\u7406-300x169.jpg 300w, https:\/\/ikeguchi-kucho.com\/wp-content\/uploads\/2025\/11\/\u7a7a\u8abf\u53d6\u66ff\u4fee\u7406-768x432.jpg 768w, https:\/\/ikeguchi-kucho.com\/wp-content\/uploads\/2025\/11\/\u7a7a\u8abf\u53d6\u66ff\u4fee\u7406-1536x864.jpg 1536w, https:\/\/ikeguchi-kucho.com\/wp-content\/uploads\/2025\/11\/\u7a7a\u8abf\u53d6\u66ff\u4fee\u7406.jpg 1920w\" sizes=\"(max-width: 1024px) 100vw, 1024px\" \/><\/figure>\n\n\n\n<p>\u300c\u30a8\u30a2\u30b3\u30f3\u306e\u52b9\u304d\u304c\u60aa\u304f\u306a\u3063\u305f\u300d\u300c\u96fb\u6c17\u4ee3\u304c\u6025\u306b\u9ad8\u304f\u306a\u3063\u305f\u300d\u3068\u611f\u3058\u3066\u3044\u307e\u305b\u3093\u304b\uff1f<\/p>\n\n\n\n<p><strong>\u5948\u826f\u5e02<\/strong>\u3092\u62e0\u70b9\u3068\u3059\u308b\u6c60\u53e3\u7a7a\u8abf\u8a2d\u5099\u306f\u3001<br \/>\u95a2\u897f\u4e00\u5186\u306e\u5e97\u8217\u30fb\u30aa\u30d5\u30a3\u30b9\u30fb\u3054\u5bb6\u5ead\u306e<strong>\u7a7a\u8abf\u8a2d\u5099<\/strong>\uff08\u30a8\u30a2\u30b3\u30f3\uff09\u306e<strong>\u5165\u308c\u66ff\u3048<\/strong>\u30fb\u6539\u4fee\u5de5\u4e8b\u3092\u627f\u308a\u307e\u3059 \u3002 <br \/>\u304a\u5ba2\u69d8\u306e\u5feb\u9069\u306a\u7a7a\u9593\u3065\u304f\u308a\u3068\u30b3\u30b9\u30c8\u524a\u6e1b\u306e\u305f\u3081\u306b\u3001\u6700\u9069\u306a<strong>\u5165\u308c\u66ff\u3048<\/strong>\u30d7\u30e9\u30f3\u3092\u3054\u63d0\u6848\u3044\u305f\u3057\u307e\u3059\u3002<\/p>\n\n\n\n<hr class=\"wp-block-separator has-alpha-channel-opacity\"\/>\n\n\n\n<h3 class=\"wp-block-heading\"><strong>\u3053\u3093\u306a\u75c7\u72b6\u306f\u300c\u5165\u308c\u66ff\u3048\u300d\u306e\u30b5\u30a4\u30f3\u3067\u3059<\/strong><\/h3>\n\n\n\n<ul class=\"wp-block-list\">\n<li><strong>\u7a7a\u8abf<\/strong>\u306e\u52b9\u304d\u304c\u660e\u3089\u304b\u306b\u60aa\u3044\u3001\u307e\u305f\u306f\u6642\u9593\u304c\u304b\u304b\u308b\u3002<\/li>\n\n\n\n<li>\u4ee5\u524d\u3088\u308a\u96fb\u6c17\u4ee3\u304c\u9ad8\u304f\u306a\u3063\u305f\u6c17\u304c\u3059\u308b\u3002<\/li>\n\n\n\n<li>\u904b\u8ee2\u4e2d\u306e\u97f3\u304c\u5927\u304d\u304f\u306a\u3063\u305f\u308a\u3001\u7570\u97f3\u304c\u3057\u305f\u308a\u3059\u308b\u3002<\/li>\n\n\n\n<li>\u30a8\u30a2\u30b3\u30f3\u304b\u3089\u5acc\u306a\u30cb\u30aa\u30a4\u304c\u3059\u308b\u3002<\/li>\n\n\n\n<li>10\u5e74\u4ee5\u4e0a\u4f7f\u7528\u3057\u3066\u304a\u308a\u3001\u4fee\u7406\u3084\u30e1\u30f3\u30c6\u30ca\u30f3\u30b9\u306e\u56de\u6570\u304c\u5897\u3048\u305f\u3002<\/li>\n<\/ul>\n\n\n\n<hr class=\"wp-block-separator has-alpha-channel-opacity\"\/>\n\n\n\n<h3 class=\"wp-block-heading\"><strong>\u53e4\u3044\u7a7a\u8abf\u8a2d\u5099\u3092\u5165\u308c\u66ff\u3048\u308b3\u3064\u306e\u30e1\u30ea\u30c3\u30c8<\/strong><\/h3>\n\n\n\n<h4 class=\"wp-block-heading\">1. \u96fb\u6c17\u4ee3\u306e\u5927\u5e45\u306a\u524a\u6e1b\uff08\u7701\u30a8\u30cd\uff09<\/h4>\n\n\n\n<p>\u53e4\u3044\u6a5f\u7a2e\u3068\u6bd4\u3079\u3001\u6700\u65b0\u306e<strong>\u7a7a\u8abf\u8a2d\u5099<\/strong>\u306f\u7701\u30a8\u30cd\u6027\u80fd\u304c\u683c\u6bb5\u306b\u5411\u4e0a\u3057\u3066\u3044\u307e\u3059\u3002<br \/><strong>\u5165\u308c\u66ff\u3048<\/strong>\u306b\u3088\u308a\u6708\u3005\u306e\u96fb\u6c17\u4ee3\u3092\u5927\u5e45\u306b\u524a\u6e1b\u3067\u304d\u308b\u53ef\u80fd\u6027\u304c\u3042\u308a\u3001\u30e9\u30f3\u30cb\u30f3\u30b0\u30b3\u30b9\u30c8\u306e\u6539\u5584\u306b\u76f4\u7d50\u3057\u307e\u3059\u3002<\/p>\n\n\n\n<h4 class=\"wp-block-heading\">2. \u5feb\u9069\u6027\u306e\u5411\u4e0a<\/h4>\n\n\n\n<p>\u6700\u65b0\u30e2\u30c7\u30eb\u306f\u51b7\u6696\u623f\u306e\u52b9\u7387\u304c\u826f\u3044\u3060\u3051\u3067\u306a\u304f\u3001\u9759\u97f3\u6027\u3084\u7a7a\u6c17\u6e05\u6d44\u6a5f\u80fd\u306a\u3069\u3001\u5feb\u9069\u6027\u3092\u9ad8\u3081\u308b\u6a5f\u80fd\u3082\u5145\u5b9f\u3057\u3066\u3044\u307e\u3059\u3002<br \/>\u5e97\u8217\u3084\u30aa\u30d5\u30a3\u30b9\u306e\u74b0\u5883\u6539\u5584\u306b\u8ca2\u732e\u3057\u307e\u3059\u3002<\/p>\n\n\n\n<h4 class=\"wp-block-heading\">3. \u6545\u969c\u30ea\u30b9\u30af\u306e\u56de\u907f<\/h4>\n\n\n\n<p><strong>\u7a7a\u8abf\u8a2d\u5099<\/strong>\u306f\u9577\u5e74\u4f7f\u7528\u3059\u308b\u3068\u6545\u969c\u30ea\u30b9\u30af\u304c\u9ad8\u307e\u308a\u307e\u3059\u3002<br \/>\u7279\u306b\u696d\u52d9\u7528\u306e<strong>\u8a2d\u5099<\/strong>\u304c\u7e41\u5fd9\u671f\u306b\u505c\u6b62\u3059\u308b\u3068\u5927\u304d\u306a\u640d\u5bb3\u306b\u7e4b\u304c\u308b\u3053\u3068\u3082\u3002<br \/>\u8a08\u753b\u7684\u306a<strong>\u5165\u308c\u66ff\u3048<\/strong>\u3067\u3001\u5b89\u5fc3\u3057\u3066\u4f7f\u7528\u3067\u304d\u308b\u74b0\u5883\u3092\u7dad\u6301\u3057\u307e\u3059\u3002<\/p>\n\n\n\n<hr class=\"wp-block-separator has-alpha-channel-opacity\"\/>\n\n\n\n<h3 class=\"wp-block-heading\"><strong>\u6c60\u53e3\u7a7a\u8abf\u8a2d\u5099\u306e\u300c\u5165\u308c\u66ff\u3048\u5de5\u4e8b\u300d<\/strong><\/h3>\n\n\n\n<p>\u6c60\u53e3\u7a7a\u8abf\u8a2d\u5099\u306f\u300c\u65e9\u304f\u3001\u4e01\u5be7\u3067\u3001\u7dba\u9e97\u306b\u3001\u6b63\u78ba\u306b\u300d\u4f5c\u696d\u3059\u308b\u3053\u3068\u3092\u30e2\u30c3\u30c8\u30fc\u306b\u3057\u3066\u3044\u307e\u3059 <sup><\/sup>\u3002<\/p>\n\n\n\n<ul class=\"wp-block-list\">\n<li><strong>\u4e01\u5be7\u306a\u990a\u751f\u3068\u8fc5\u901f\u306a\u64a4\u53bb<\/strong> <br \/>\u65e2\u5b58\u306e<strong>\u8a2d\u5099<\/strong>\u3092\u64a4\u53bb\u3059\u308b\u969b\u3001\u304a\u5ba2\u69d8\u306e\u5927\u5207\u306a\u7a7a\u9593\u3092\u6c5a\u3055\u306a\u3044\u3088\u3046\u4e01\u5be7\u306b\u990a\u751f\u3057\u307e\u3059\u3002<br \/><\/li>\n\n\n\n<li><strong>\u7f8e\u89b3\u3068\u8010\u4e45\u6027\u3092\u8003\u3048\u305f\u8a2d\u7f6e<\/strong> <br \/>\u914d\u7ba1\u3084\u914d\u7dda\u304c\u898b\u3048\u306a\u3044\u3088\u3046\u3001\u5efa\u7269\u306e\u69cb\u9020\u306b\u5408\u308f\u305b\u3066\u7f8e\u3057\u304f\u3001\u304b\u3064\u8010\u4e45\u6027\u306e\u9ad8\u3044\u8a2d\u7f6e\u3092\u884c\u3044\u307e\u3059\u3002<br \/><\/li>\n\n\n\n<li><strong>\u9069\u6b63\u4fa1\u683c\u3067\u306e\u3054\u63d0\u6848<\/strong> <br \/>\u5c11\u6570\u7cbe\u92ed\u306e\u81ea\u793e\u65bd\u5de5\u4f53\u5236\u306b\u3088\u308a\u3001\u4f59\u8a08\u306a\u4e2d\u9593\u30de\u30fc\u30b8\u30f3\u3092\u6392\u9664\u3002\u9ad8\u54c1\u8cea\u306a<strong>\u5165\u308c\u66ff\u3048<\/strong>\u5de5\u4e8b\u3092\u9069\u6b63\u4fa1\u683c\u3067\u3054\u63d0\u4f9b\u3057\u307e\u3059\u3002<\/li>\n<\/ul>\n\n\n\n<hr class=\"wp-block-separator has-alpha-channel-opacity\"\/>\n\n\n\n<h3 class=\"wp-block-heading\"><strong>\u5165\u308c\u66ff\u3048\u5de5\u4e8b \u8a2d\u7f6e\u307e\u3067\u306e\u6d41\u308c<\/strong><\/h3>\n\n\n\n<ol start=\"1\" class=\"wp-block-list\">\n<li><strong>\u304a\u554f\u3044\u5408\u308f\u305b<\/strong> <br \/>\u304a\u96fb\u8a71\uff08080-5342-7595\uff09\u307e\u305f\u306f\u30e1\u30fc\u30eb\u30d5\u30a9\u30fc\u30e0\u3088\u308a\u3001<br \/>\u73fe\u5728\u304a\u4f7f\u3044\u306e\u6a5f\u7a2e\u3084\u304a\u56f0\u308a\u3054\u3068\u306b\u3064\u3044\u3066\u304a\u6c17\u8efd\u306b\u3054\u76f8\u8ac7\u304f\u3060\u3055\u3044 \u3002<\/li>\n\n\n\n<li><strong>\u73fe\u5730\u8abf\u67fb\u30fb\u30d2\u30a2\u30ea\u30f3\u30b0<\/strong> <br \/>\u5b9f\u969b\u306b\u5f0a\u793e\u304c\u304a\u4f3a\u3044\u3057 \u3001\u65e2\u5b58<strong>\u8a2d\u5099<\/strong>\u306e\u72b6\u6cc1\u3084\u304a\u5ba2\u69d8\u306e\u3054\u8981\u671b\uff08\u3054\u4e88\u7b97\u30fb\u5e0c\u671b\u306e\u6a5f\u80fd\u306a\u3069\uff09\u3092\u8a73\u3057\u304f\u30d2\u30a2\u30ea\u30f3\u30b0\u3057\u307e\u3059\u3002<\/li>\n\n\n\n<li><strong>\u304a\u898b\u7a4d\u308a\u30fb\u3054\u63d0\u6848<\/strong> <br \/>\u73fe\u5730\u8abf\u67fb\u306e\u7d50\u679c\u306b\u57fa\u3065\u304d\u3001\u6700\u9069\u306a\u5f8c\u7d99\u6a5f\u7a2e\u3068<strong>\u5165\u308c\u66ff\u3048<\/strong>\u30d7\u30e9\u30f3\u3001\u8a73\u7d30\u306a\u304a\u898b\u7a4d\u66f8\u3092\u3054\u63d0\u793a\u3057\u307e\u3059\u3002<\/li>\n\n\n\n<li><strong>\u3054\u5951\u7d04\u30fb\u65bd\u5de5<\/strong> <br \/>\u3054\u63d0\u6848\u5185\u5bb9\u306b\u3054\u7d0d\u5f97\u3044\u305f\u3060\u3051\u307e\u3057\u305f\u3089\u3001\u3054\u5951\u7d04\u3068\u306a\u308a\u307e\u3059\u3002<br \/>\u304a\u5ba2\u69d8\u306e\u55b6\u696d\u30b9\u30b1\u30b8\u30e5\u30fc\u30eb\u7b49\u306b\u5408\u308f\u305b\u3001\u8fc5\u901f\u30fb\u4e01\u5be7\u306b<strong>\u5165\u308c\u66ff\u3048<\/strong>\u5de5\u4e8b\u3092\u884c\u3044\u307e\u3059\u3002<\/li>\n\n\n\n<li><strong>\u304a\u5f15\u304d\u6e21\u3057\u30fb\u30a2\u30d5\u30bf\u30fc\u30d5\u30a9\u30ed\u30fc<\/strong> <br \/>\u8a66\u904b\u8ee2\u3092\u884c\u3044\u3001\u304a\u5ba2\u69d8\u306b\u64cd\u4f5c\u65b9\u6cd5\u306a\u3069\u3092\u3054\u8aac\u660e\u306e\u4e0a\u3001\u304a\u5f15\u304d\u6e21\u3057\u3068\u306a\u308a\u307e\u3059\u3002<br \/>\u64a4\u53bb\u3057\u305f<strong>\u8a2d\u5099<\/strong>\u3082\u8cac\u4efb\u3092\u6301\u3063\u3066\u51e6\u5206\u3044\u305f\u3057\u307e\u3059\u3002<\/li>\n<\/ol>\n\n\n\n<hr class=\"wp-block-separator has-alpha-channel-opacity\"\/>\n\n\n\n<h3 class=\"wp-block-heading\"><strong>\u7a7a\u8abf\u5165\u308c\u66ff\u3048\u306e\u3054\u76f8\u8ac7\u30fb\u304a\u898b\u7a4d\u308a\u306f\u3053\u3061\u3089<\/strong><\/h3>\n\n\n\n<p><strong>\u5948\u826f\u3092\u4e2d\u5fc3\u3068\u3057\u305f\u95a2\u897f\u4e00\u5186\u306e\u7a7a\u8abf\u8a2d\u5099\u306b\u95a2\u3059\u308b\u3054\u76f8\u8ac7\u3001\u5165\u308c\u66ff\u3048\u306e\u304a\u898b\u7a4d\u308a\u306f\u7121\u6599\u3067\u3059\u3002 <\/strong><br \/>\u307e\u305a\u306f\u304a\u6c17\u8efd\u306b\u3054\u9023\u7d61\u304f\u3060\u3055\u3044\u3002<\/p>\n\n\n<div class=\"p-blogParts post_content\" data-partsID=\"171\"><p>\n<div class=\"wpcf7 no-js\" id=\"wpcf7-f164-o1\" lang=\"ja\" dir=\"ltr\" data-wpcf7-id=\"164\">\n<div class=\"screen-reader-response\"><p role=\"status\" aria-live=\"polite\" aria-atomic=\"true\"><\/p> <ul><\/ul><\/div>\n<form action=\"\/index.php?rest_route=%2Fwp%2Fv2%2Fpages%2F303#wpcf7-f164-o1\" method=\"post\" class=\"wpcf7-form init\" aria-label=\"\u30b3\u30f3\u30bf\u30af\u30c8\u30d5\u30a9\u30fc\u30e0\" novalidate=\"novalidate\" data-status=\"init\">\n<fieldset class=\"hidden-fields-container\"><input type=\"hidden\" name=\"_wpcf7\" value=\"164\" \/><input type=\"hidden\" name=\"_wpcf7_version\" value=\"6.1.2\" \/><input type=\"hidden\" name=\"_wpcf7_locale\" value=\"ja\" \/><input type=\"hidden\" name=\"_wpcf7_unit_tag\" value=\"wpcf7-f164-o1\" \/><input type=\"hidden\" name=\"_wpcf7_container_post\" value=\"0\" \/><input type=\"hidden\" name=\"_wpcf7_posted_data_hash\" value=\"\" \/>\n<\/fieldset>\n<table class=\"CF7_table\">\n\t<tr>\n\t\t<th>\n\t\t\t<p><span class=\"CF7_req\">\u5fc5\u9808<\/span> \u3054\u76f8\u8ac7\u5185\u5bb9\n\t\t\t<\/p>\n\t\t<\/th>\n\t\t<td>\n\t\t\t<p><span class=\"wpcf7-form-control-wrap\" data-name=\"checkbox-inq\"><span class=\"wpcf7-form-control wpcf7-checkbox wpcf7-validates-as-required\"><span class=\"wpcf7-list-item first\"><input type=\"checkbox\" name=\"checkbox-inq[]\" value=\"\u3054\u76f8\u8ac7\" \/><span class=\"wpcf7-list-item-label\">\u3054\u76f8\u8ac7<\/span><\/span><span class=\"wpcf7-list-item\"><input type=\"checkbox\" name=\"checkbox-inq[]\" value=\"\u304a\u898b\u7a4d\u3082\u308a\" \/><span class=\"wpcf7-list-item-label\">\u304a\u898b\u7a4d\u3082\u308a<\/span><\/span><span class=\"wpcf7-list-item\"><input type=\"checkbox\" name=\"checkbox-inq[]\" value=\"\u304a\u554f\u3044\u5408\u308f\u305b\" \/><span class=\"wpcf7-list-item-label\">\u304a\u554f\u3044\u5408\u308f\u305b<\/span><\/span><span class=\"wpcf7-list-item last\"><input type=\"checkbox\" name=\"checkbox-inq[]\" value=\"\u305d\u306e\u4ed6\" \/><span class=\"wpcf7-list-item-label\">\u305d\u306e\u4ed6<\/span><\/span><\/span><\/span>\n\t\t\t<\/p>\n\t\t<\/td>\n\t<\/tr>\n\t<tr>\n\t\t<th>\n\t\t\t<p><span class=\"CF7_req\">\u5fc5\u9808<\/span> \u304a\u540d\u524d\n\t\t\t<\/p>\n\t\t<\/th>\n\t\t<td>\n\t\t\t<p><span class=\"wpcf7-form-control-wrap\" data-name=\"your-name\"><input size=\"40\" maxlength=\"400\" class=\"wpcf7-form-control wpcf7-text wpcf7-validates-as-required\" aria-required=\"true\" aria-invalid=\"false\" placeholder=\"\u4f8b\uff1a\u3042\u306a\u305f\u306e\u304a\u540d\u524d\" value=\"\" type=\"text\" name=\"your-name\" \/><\/span>\n\t\t\t<\/p>\n\t\t<\/td>\n\t<\/tr>\n\t<tr>\n\t\t<th>\n\t\t\t<p><span class=\"CF7_req\">\u5fc5\u9808<\/span> \u30e1\u30fc\u30eb\u30a2\u30c9\u30ec\u30b9\n\t\t\t<\/p>\n\t\t<\/th>\n\t\t<td>\n\t\t\t<p><span class=\"wpcf7-form-control-wrap\" data-name=\"your-email\"><input size=\"40\" maxlength=\"400\" class=\"wpcf7-form-control wpcf7-email wpcf7-validates-as-required wpcf7-text wpcf7-validates-as-email\" aria-required=\"true\" aria-invalid=\"false\" placeholder=\"\u4f8b\uff1a\u00d7\u00d7\u00d7@\u00d7\u00d7\u00d7.com\" value=\"\" type=\"email\" name=\"your-email\" \/><\/span>\n\t\t\t<\/p>\n\t\t<\/td>\n\t<\/tr>\n\t<tr>\n\t\t<th>\n\t\t\t<p><span class=\"CF7_unreq\">\u4efb\u610f<\/span>\u4f1a\u793e\u540d\n\t\t\t<\/p>\n\t\t<\/th>\n\t\t<td>\n\t\t\t<p><span class=\"wpcf7-form-control-wrap\" data-name=\"your-company\"><input size=\"40\" maxlength=\"400\" class=\"wpcf7-form-control wpcf7-text\" aria-invalid=\"false\" placeholder=\"\u4f8b\uff1a\u25ef\u25ef\u682a\u5f0f\u4f1a\u793e\" value=\"\" type=\"text\" name=\"your-company\" \/><\/span>\n\t\t\t<\/p>\n\t\t<\/td>\n\t<\/tr>\n\t<tr>\n\t\t<th>\n\t\t\t<p><span class=\"CF7_req\">\u5fc5\u9808<\/span>\u90f5\u4fbf\u756a\u53f7\n\t\t\t<\/p>\n\t\t<\/th>\n\t\t<td>\n\t\t\t<p><span class=\"wpcf7-form-control-wrap\" data-name=\"zip\"><input size=\"40\" maxlength=\"400\" class=\"wpcf7-form-control wpcf7-text wpcf7-validates-as-required\" id=\"zip\" aria-required=\"true\" aria-invalid=\"false\" placeholder=\"\u4f8b\uff1a123-4567\" value=\"\" type=\"text\" name=\"zip\" \/><\/span>\n\t\t\t<\/p>\n\t\t<\/td>\n\t<\/tr>\n\t<tr>\n\t\t<th>\n\t\t\t<p><span class=\"CF7_req\">\u5fc5\u9808<\/span>\u90fd\u9053\u5e9c\u770c\n\t\t\t<\/p>\n\t\t<\/th>\n\t\t<td>\n\t\t\t<p><span class=\"wpcf7-form-control-wrap\" data-name=\"pref\"><input size=\"40\" maxlength=\"400\" class=\"wpcf7-form-control wpcf7-text wpcf7-validates-as-required\" id=\"pref\" aria-required=\"true\" aria-invalid=\"false\" placeholder=\"\u4f8b\uff1a\u6771\u4eac\u90fd\" value=\"\" type=\"text\" name=\"pref\" \/><\/span>\n\t\t\t<\/p>\n\t\t<\/td>\n\t<\/tr>\n\t<tr>\n\t\t<th>\n\t\t\t<p><span class=\"CF7_req\">\u5fc5\u9808<\/span>\u3054\u4f4f\u6240\n\t\t\t<\/p>\n\t\t<\/th>\n\t\t<td class=\"address-100\">\n\t\t\t<p><span class=\"wpcf7-form-control-wrap\" data-name=\"addr\"><input size=\"40\" maxlength=\"400\" class=\"wpcf7-form-control wpcf7-text wpcf7-validates-as-required\" id=\"addr\" aria-required=\"true\" aria-invalid=\"false\" placeholder=\"\u4f8b\uff1a\u4e2d\u592e\u533a\u9280\u5ea7\uff11\uff12\uff13\uff14\uff15\" value=\"\" type=\"text\" name=\"addr\" \/><\/span>\n\t\t\t<\/p>\n\t\t<\/td>\n\t<\/tr>\n\t<tr>\n\t\t<th>\n\t\t\t<p><span class=\"CF7_req\">\u5fc5\u9808<\/span>\u304a\u96fb\u8a71\u756a\u53f7\n\t\t\t<\/p>\n\t\t<\/th>\n\t\t<td>\n\t\t\t<p><span class=\"wpcf7-form-control-wrap\" data-name=\"your-tel\"><input size=\"40\" maxlength=\"400\" class=\"wpcf7-form-control wpcf7-text wpcf7-validates-as-required\" aria-required=\"true\" aria-invalid=\"false\" placeholder=\"\u4f8b\uff1a03-1234-5678\" value=\"\" type=\"text\" name=\"your-tel\" \/><\/span>\n\t\t\t<\/p>\n\t\t<\/td>\n\t<\/tr>\n\t<tr>\n\t\t<th>\n\t\t\t<p><span class=\"CF7_req\">\u5fc5\u9808<\/span>\u30e1\u30c3\u30bb\u30fc\u30b8\u672c\u6587\n\t\t\t<\/p>\n\t\t<\/th>\n\t\t<td class=\"message-100\">\n\t\t\t<p><span class=\"wpcf7-form-control-wrap\" data-name=\"your-message\"><textarea cols=\"40\" rows=\"10\" maxlength=\"2000\" class=\"wpcf7-form-control wpcf7-textarea wpcf7-validates-as-required\" aria-required=\"true\" aria-invalid=\"false\" placeholder=\"\u304a\u554f\u3044\u5408\u308f\u305b\u5185\u5bb9\u3092\u3054\u8a18\u5165\u304f\u3060\u3055\u3044\" name=\"your-message\"><\/textarea><\/span>\n\t\t\t<\/p>\n\t\t<\/td>\n\t<\/tr>\n<\/table>\n<p class=\"CF7_btn\"><input class=\"wpcf7-form-control wpcf7-submit has-spinner\" type=\"submit\" value=\"\u9001\u4fe1\u3059\u308b\" \/>\n<\/p><div class=\"wpcf7-response-output\" aria-hidden=\"true\"><\/div>\n<\/form>\n<\/div>\n<\/p>\n<\/div>","protected":false},"excerpt":{"rendered":"<p>\u7a7a\u8abf\u5165\u308c\u66ff\u3048\u30fb\u6539\u4fee\u5de5\u4e8b (SERVICE) \u305d\u306e\u30a8\u30a2\u30b3\u30f3\u3001\u4ea4\u63db\u6642\u671f\u304b\u3082\uff1f \u5948\u826f\u3092\u4e2d\u5fc3\u3068\u3057\u305f\u95a2\u897f\u4e00\u5186\u306e\u7a7a\u8abf\u8a2d\u5099\u5165\u308c\u66ff\u3048\u30fb\u6539\u4fee\u5de5\u4e8b\u306f\u6c60\u53e3\u7a7a\u8abf\u8a2d\u5099\u3078 \u300c\u30a8\u30a2\u30b3\u30f3\u306e\u52b9\u304d\u304c\u60aa\u304f\u306a\u3063\u305f\u300d\u300c\u96fb\u6c17\u4ee3\u304c\u6025\u306b\u9ad8\u304f\u306a\u3063\u305f\u300d\u3068\u611f\u3058\u3066\u3044\u307e\u305b\u3093\u304b\uff1f [&hellip;]<\/p>\n","protected":false},"author":2,"featured_media":295,"parent":0,"menu_order":0,"comment_status":"closed","ping_status":"closed","template":"","meta":{"om_disable_all_campaigns":false,"_monsterinsights_skip_tracking":false,"_monsterinsights_sitenote_active":false,"_monsterinsights_sitenote_note":"","_monsterinsights_sitenote_category":0,"swell_btn_cv_data":"","footnotes":""},"class_list":["post-303","page","type-page","status-publish","has-post-thumbnail","hentry"],"aioseo_notices":[],"_links":{"self":[{"href":"https:\/\/ikeguchi-kucho.com\/index.php?rest_route=\/wp\/v2\/pages\/303","targetHints":{"allow":["GET"]}}],"collection":[{"href":"https:\/\/ikeguchi-kucho.com\/index.php?rest_route=\/wp\/v2\/pages"}],"about":[{"href":"https:\/\/ikeguchi-kucho.com\/index.php?rest_route=\/wp\/v2\/types\/page"}],"author":[{"embeddable":true,"href":"https:\/\/ikeguchi-kucho.com\/index.php?rest_route=\/wp\/v2\/users\/2"}],"replies":[{"embeddable":true,"href":"https:\/\/ikeguchi-kucho.com\/index.php?rest_route=%2Fwp%2Fv2%2Fcomments&post=303"}],"version-history":[{"count":2,"href":"https:\/\/ikeguchi-kucho.com\/index.php?rest_route=\/wp\/v2\/pages\/303\/revisions"}],"predecessor-version":[{"id":344,"href":"https:\/\/ikeguchi-kucho.com\/index.php?rest_route=\/wp\/v2\/pages\/303\/revisions\/344"}],"wp:featuredmedia":[{"embeddable":true,"href":"https:\/\/ikeguchi-kucho.com\/index.php?rest_route=\/wp\/v2\/media\/295"}],"wp:attachment":[{"href":"https:\/\/ikeguchi-kucho.com\/index.php?rest_route=%2Fwp%2Fv2%2Fmedia&parent=303"}],"curies":[{"name":"wp","href":"https:\/\/api.w.org\/{rel}","templated":true}]}}