{"id":300,"date":"2025-11-17T20:37:59","date_gmt":"2025-11-17T11:37:59","guid":{"rendered":"https:\/\/ikeguchi-kucho.com\/?page_id=300"},"modified":"2025-11-17T20:37:59","modified_gmt":"2025-11-17T11:37:59","slug":"%e7%a9%ba%e8%aa%bf%e6%96%b0%e8%a8%ad%e5%b7%a5%e4%ba%8b","status":"publish","type":"page","link":"https:\/\/ikeguchi-kucho.com\/?page_id=300","title":{"rendered":"\u7a7a\u8abf\u65b0\u8a2d\u5de5\u4e8b"},"content":{"rendered":"\n<h2 class=\"wp-block-heading\">\u7a7a\u8abf\u65b0\u8a2d\u5de5\u4e8b (SERVICE)<\/h2>\n\n\n\n<h3 class=\"wp-block-heading\"><strong>\u5948\u826f\u3067\u9078\u3076\u3001\u78ba\u304b\u306a\u6280\u8853\u3002<\/strong><\/h3>\n\n\n\n<p><strong>\u5e97\u8217\u30fb\u30aa\u30d5\u30a3\u30b9\u306e\u7a7a\u8abf\u65b0\u8a2d\u306f\u6c60\u53e3\u7a7a\u8abf\u8a2d\u5099\u3078<\/strong><\/p>\n\n\n\n<figure class=\"wp-block-image size-large\"><img decoding=\"async\" width=\"1024\" height=\"576\" src=\"http:\/\/ikeguchi-kucho.com\/wp-content\/uploads\/2025\/11\/\u30a8\u30a2\u30b3\u30f3\u65b0\u8a2d\u5de5\u4e8b-1024x576.jpg\" alt=\"\u5948\u826f\u306e\u7a7a\u8abf\u8a2d\u5099\u306a\u3089\u6c60\u53e3\u7a7a\u8abf\u8a2d\u5099\u3000\u65b0\u8a2d\u5de5\u4e8b\u69d8\u5b50\" class=\"wp-image-301\" srcset=\"https:\/\/ikeguchi-kucho.com\/wp-content\/uploads\/2025\/11\/\u30a8\u30a2\u30b3\u30f3\u65b0\u8a2d\u5de5\u4e8b-1024x576.jpg 1024w, https:\/\/ikeguchi-kucho.com\/wp-content\/uploads\/2025\/11\/\u30a8\u30a2\u30b3\u30f3\u65b0\u8a2d\u5de5\u4e8b-300x169.jpg 300w, https:\/\/ikeguchi-kucho.com\/wp-content\/uploads\/2025\/11\/\u30a8\u30a2\u30b3\u30f3\u65b0\u8a2d\u5de5\u4e8b-768x432.jpg 768w, https:\/\/ikeguchi-kucho.com\/wp-content\/uploads\/2025\/11\/\u30a8\u30a2\u30b3\u30f3\u65b0\u8a2d\u5de5\u4e8b-1536x864.jpg 1536w, https:\/\/ikeguchi-kucho.com\/wp-content\/uploads\/2025\/11\/\u30a8\u30a2\u30b3\u30f3\u65b0\u8a2d\u5de5\u4e8b.jpg 1920w\" sizes=\"(max-width: 1024px) 100vw, 1024px\" \/><\/figure>\n\n\n\n<p>\u6c60\u53e3\u7a7a\u8abf\u8a2d\u5099\u306f\u3001<strong>\u5948\u826f\u5e02<\/strong>\u3092\u62e0\u70b9\u306b\u3001<strong>\u7a7a\u8abf\u8a2d\u5099<\/strong>\u306e<strong>\u65b0\u8a2d<\/strong>\u5de5\u4e8b\u3092\u627f\u3063\u3066\u3044\u307e\u3059\u3002<br>\u65b0\u898f\u30aa\u30fc\u30d7\u30f3\u3055\u308c\u308b\u5e97\u8217\u3084\u30aa\u30d5\u30a3\u30b9\u3001\u3054\u5bb6\u5ead\u306e\u30a8\u30a2\u30b3\u30f3\u65b0\u8a2d\u307e\u3067\u3002<br>\u304a\u5ba2\u69d8\u306e\u7a7a\u9593\u3068\u7528\u9014\u306b\u6700\u9069\u306a\u30d7\u30e9\u30f3\u3092\u3054\u63d0\u6848\u3057\u3001<\/p>\n\n\n\n<p><strong><span class=\"swl-fz u-fz-l\">\u300c\u65e9\u304f\u3001\u4e01\u5be7\u3067\u3001\u7dba\u9e97\u306b\u3001\u6b63\u78ba\u306a\u300d<\/span><\/strong><\/p>\n\n\n\n<p>\u65bd\u5de5  \u3092\u304a\u7d04\u675f\u3057\u307e\u3059\u3002<\/p>\n\n\n\n<hr class=\"wp-block-separator has-alpha-channel-opacity\"\/>\n\n\n\n<h3 class=\"wp-block-heading\"><strong>\u7a7a\u8abf\u306e\u65b0\u8a2d\u3001\u3053\u3093\u306a\u304a\u60a9\u307f\u306f\u3042\u308a\u307e\u305b\u3093\u304b\uff1f<\/strong><\/h3>\n\n\n<div class=\"swell-block-balloon\"><div class=\"c-balloon -bln-left\" data-col=\"gray\"><div class=\"c-balloon__icon -circle\"><img decoding=\"async\" loading=\"lazy\" src=\"http:\/\/ikeguchi-kucho.com\/wp-content\/uploads\/2025\/11\/\u5973\u6027\u306e\u30b7\u30eb\u30a8\u30c3\u30c8\u30a2\u30a4\u30b3\u30f3.jpeg\" alt=\"\" class=\"c-balloon__iconImg\" width=\"80px\" height=\"80px\"><\/div><div class=\"c-balloon__body -speaking -border-none\"><div class=\"c-balloon__text\">\n<p><strong>\u5948\u826f<\/strong>\u3067\u65b0\u3057\u304f\u5e97\u8217\u3092\u30aa\u30fc\u30d7\u30f3\u3059\u308b\u304c\u3001\u3069\u306e<strong>\u7a7a\u8abf\u8a2d\u5099<\/strong>\u3092\u9078\u3079\u3070\u3044\u3044\u304b\u5206\u304b\u3089\u306a\u3044\u3002<\/p>\n<span class=\"c-balloon__shapes\"><span class=\"c-balloon__before\"><\/span><span class=\"c-balloon__after\"><\/span><\/span><\/div><\/div><\/div><\/div>\n\n<div class=\"swell-block-balloon\"><div class=\"c-balloon -bln-right\" data-col=\"gray\"><div class=\"c-balloon__icon -circle\"><img decoding=\"async\" loading=\"lazy\" src=\"http:\/\/ikeguchi-kucho.com\/wp-content\/uploads\/2025\/11\/\u5973\u6027\u306e\u30b7\u30eb\u30a8\u30c3\u30c8\u30a2\u30a4\u30b3\u30f3.jpeg\" alt=\"\" class=\"c-balloon__iconImg\" width=\"80px\" height=\"80px\"><\/div><div class=\"c-balloon__body -speaking -border-none\"><div class=\"c-balloon__text\">\n<p>\u30aa\u30d5\u30a3\u30b9\u306e\u898f\u6a21\u3084\u9593\u53d6\u308a\u306b\u5408\u3063\u305f\u3001\u52b9\u7387\u306e\u826f\u3044\u30a8\u30a2\u30b3\u30f3\u3092<strong>\u65b0\u8a2d<\/strong>\u3057\u305f\u3044\u3002<\/p>\n<span class=\"c-balloon__shapes\"><span class=\"c-balloon__before\"><\/span><span class=\"c-balloon__after\"><\/span><\/span><\/div><\/div><\/div><\/div>\n\n<div class=\"swell-block-balloon\"><div class=\"c-balloon -bln-left\" data-col=\"gray\"><div class=\"c-balloon__icon -circle\"><img decoding=\"async\" loading=\"lazy\" src=\"http:\/\/ikeguchi-kucho.com\/wp-content\/uploads\/2025\/11\/\u5973\u6027\u306e\u30b7\u30eb\u30a8\u30c3\u30c8\u30a2\u30a4\u30b3\u30f3.jpeg\" alt=\"\" class=\"c-balloon__iconImg\" width=\"80px\" height=\"80px\"><\/div><div class=\"c-balloon__body -speaking -border-none\"><div class=\"c-balloon__text\">\n<p>\u898b\u7a4d\u3082\u308a\u3092\u53d6\u3063\u305f\u304c\u3001\u4fa1\u683c\u304c\u9069\u6b63\u306a\u306e\u304b\u5224\u65ad\u3067\u304d\u306a\u3044\u3002<\/p>\n<span class=\"c-balloon__shapes\"><span class=\"c-balloon__before\"><\/span><span class=\"c-balloon__after\"><\/span><\/span><\/div><\/div><\/div><\/div>\n\n<div class=\"swell-block-balloon\"><div class=\"c-balloon -bln-right\" data-col=\"gray\"><div class=\"c-balloon__icon -circle\"><img decoding=\"async\" loading=\"lazy\" src=\"http:\/\/ikeguchi-kucho.com\/wp-content\/uploads\/2025\/11\/\u5973\u6027\u306e\u30b7\u30eb\u30a8\u30c3\u30c8\u30a2\u30a4\u30b3\u30f3.jpeg\" alt=\"\" class=\"c-balloon__iconImg\" width=\"80px\" height=\"80px\"><\/div><div class=\"c-balloon__body -speaking -border-none\"><div class=\"c-balloon__text\">\n<p>\u65bd\u5de5\u54c1\u8cea\u304c\u9ad8\u304f\u3001\u4fe1\u983c\u3067\u304d\u308b\u696d\u8005\u306b\u4efb\u305b\u305f\u3044\u3002<\/p>\n<span class=\"c-balloon__shapes\"><span class=\"c-balloon__before\"><\/span><span class=\"c-balloon__after\"><\/span><\/span><\/div><\/div><\/div><\/div>\n\n<div class=\"swell-block-balloon\"><div class=\"c-balloon -bln-left\" data-col=\"gray\"><div class=\"c-balloon__icon -circle\"><img decoding=\"async\" loading=\"lazy\" src=\"http:\/\/ikeguchi-kucho.com\/wp-content\/uploads\/2025\/11\/\u5973\u6027\u306e\u30b7\u30eb\u30a8\u30c3\u30c8\u30a2\u30a4\u30b3\u30f3.jpeg\" alt=\"\" class=\"c-balloon__iconImg\" width=\"80px\" height=\"80px\"><\/div><div class=\"c-balloon__body -speaking -border-none\"><div class=\"c-balloon__text\">\n<p>\u8a2d\u8a08\u6bb5\u968e\u304b\u3089<strong>\u7a7a\u8abf<\/strong>\u306e\u76f8\u8ac7\u306b\u4e57\u3063\u3066\u307b\u3057\u3044\u3002<\/p>\n<span class=\"c-balloon__shapes\"><span class=\"c-balloon__before\"><\/span><span class=\"c-balloon__after\"><\/span><\/span><\/div><\/div><\/div><\/div>\n\n\n<p><strong>\u305d\u306e\u304a\u60a9\u307f\u3001\u6c60\u53e3\u7a7a\u8abf\u8a2d\u5099\u304c\u89e3\u6c7a\u3057\u307e\u3059\uff01<\/strong><\/p>\n\n\n\n<hr class=\"wp-block-separator has-alpha-channel-opacity\"\/>\n\n\n\n<h3 class=\"wp-block-heading\"><strong>\u6c60\u53e3\u7a7a\u8abf\u8a2d\u5099\u306e\u65b0\u8a2d\u5de5\u4e8b 3\u3064\u306e\u5f37\u307f<\/strong><\/h3>\n\n\n\n<h4 class=\"wp-block-heading\">1. \u696d\u614b\u3068\u7a7a\u9593\u306b\u5408\u308f\u305b\u305f\u6700\u9069\u306a\u30d7\u30e9\u30f3\u30cb\u30f3\u30b0<\/h4>\n\n\n\n<p>\u5e97\u8217\u3001\u30aa\u30d5\u30a3\u30b9\u3001\u3054\u5bb6\u5ead\u306a\u3069\u3001\u7a7a\u9593\u306e\u7528\u9014\u3084\u5e83\u3055\u3001\u4eba\u306e\u5c0e\u7dda\u3092\u8003\u616e\u3057\u3001\u6700\u9069\u306a\u6a5f\u7a2e\u3068\u8a2d\u7f6e\u30d7\u30e9\u30f3\u3092\u3054\u63d0\u6848\u3057\u307e\u3059\u3002<br>\u904e\u5270\u306a\u30b9\u30da\u30c3\u30af\u3084\u4e0d\u8981\u306a\u6a5f\u80fd\u306f\u7701\u304d\u3001\u304a\u5ba2\u69d8\u306e\u30cb\u30fc\u30ba\u306b\u6700\u9069\u306a<strong>\u7a7a\u8abf\u8a2d\u5099<\/strong>\u3092<strong>\u65b0\u8a2d<\/strong>\u3057\u307e\u3059\u3002<\/p>\n\n\n\n<h4 class=\"wp-block-heading\">2. \u300c\u65e9\u304f\u3001\u4e01\u5be7\u3001\u7dba\u9e97\u3001\u6b63\u78ba\u300d\u306a\u65bd\u5de5<\/h4>\n\n\n\n<p>\u4ee3\u8868\u306e\u6c60\u53e3\u304c\u5e38\u306b\u5fc3\u304c\u3051\u3066\u3044\u308b\u306e\u306f\u3001\u300c\u65e9\u304f\u3001\u4e01\u5be7\u3067\u3001\u7dba\u9e97\u306b\u3001\u6b63\u78ba\u306b\u300d\u5de5\u4e8b\u4f5c\u696d\u3092\u884c\u3046\u3053\u3068\u3067\u3059 \u3002<br>\u76ee\u306b\u898b\u3048\u308b\u90e8\u5206\u306f\u3082\u3061\u308d\u3093\u3001\u914d\u7ba1\u3084\u914d\u7dda\u306a\u3069\u898b\u3048\u306a\u3044\u90e8\u5206\u306e\u4ed5\u4e0a\u3052\u306b\u3082\u3053\u3060\u308f\u308a\u3001<br>\u5efa\u7269\u306e\u7f8e\u89b3\u3068\u8a2d\u5099\u306e\u8010\u4e45\u6027\u3092\u4e21\u7acb\u3055\u305b\u307e\u3059\u3002<\/p>\n\n\n\n<h4 class=\"wp-block-heading\">3. \u5c11\u6570\u7cbe\u92ed\u3060\u304b\u3089\u3067\u304d\u308b\u9069\u6b63\u4fa1\u683c<\/h4>\n\n\n\n<p>\u5f53\u793e\u306f\u5c11\u6570\u7cbe\u92ed\u30c1\u30fc\u30e0\u3067\u3059\u3002<br>\u5927\u624b\u306e\u3088\u3046\u306b\u4f59\u8a08\u306a\u4e2d\u9593\u30de\u30fc\u30b8\u30f3\u3084\u7ba1\u7406\u30b3\u30b9\u30c8\u304c\u304b\u304b\u3089\u306a\u3044\u305f\u3081\u3001<br>\u9ad8\u54c1\u8cea\u306a\u65bd\u5de5\u3092\u9069\u6b63\u4fa1\u683c\u3067\u3054\u63d0\u4f9b\u3067\u304d\u307e\u3059\u3002<strong>\u5948\u826f\u5bc6\u7740\u306e\u30d5\u30c3\u30c8\u30ef\u30fc\u30af<\/strong>\u3067\u3001<strong>\u8fc5\u901f\u306a\u3054\u63d0\u6848\u30fb\u304a\u898b\u7a4d\u308a\u304c\u53ef\u80fd<\/strong>\u3067\u3059\u3002<\/p>\n\n\n\n<hr class=\"wp-block-separator has-alpha-channel-opacity\"\/>\n\n\n\n<h3 class=\"wp-block-heading\"><strong>\u4e3b\u306a\u65b0\u8a2d\u5de5\u4e8b\u306e\u5bfe\u8c61<\/strong><\/h3>\n\n\n\n<p>\u3053\u308c\u307e\u3067\u306e\u5b9f\u7e3e\u306b\u57fa\u3065\u304d\u3001\u6cd5\u4eba\u69d8\u30fb\u500b\u4eba\u69d8\u554f\u308f\u305a\u5bfe\u5fdc\u3044\u305f\u3057\u307e\u3059\u3002<\/p>\n\n\n\n<ul class=\"wp-block-list\">\n<li><strong>\u5e97\u8217<\/strong> (\u30ab\u30d5\u30a7\u3001\u30ec\u30b9\u30c8\u30e9\u30f3\u3001\u7f8e\u5bb9\u5ba4\u3001\u7269\u8ca9\u5e97\u306a\u3069)<\/li>\n\n\n\n<li><strong>\u30aa\u30d5\u30a3\u30b9\u30fb\u4e8b\u52d9\u6240<\/strong><\/li>\n\n\n\n<li><strong>\u3054\u5bb6\u5ead<\/strong> (\u65b0\u7bc9\u30fb\u30ea\u30d5\u30a9\u30fc\u30e0\u6642\u306e\u30a8\u30a2\u30b3\u30f3\u8a2d\u7f6e\u306a\u3069)<\/li>\n<\/ul>\n\n\n\n<hr class=\"wp-block-separator has-alpha-channel-opacity\"\/>\n\n\n\n<h3 class=\"wp-block-heading\"><strong>\u65b0\u8a2d\u5de5\u4e8b \u8a2d\u7f6e\u307e\u3067\u306e\u6d41\u308c<\/strong><\/h3>\n\n\n\n<ol start=\"1\" class=\"wp-block-list\">\n<li><strong>\u304a\u554f\u3044\u5408\u308f\u305b<\/strong> <br>\u304a\u96fb\u8a71\uff08080-5342-7595 \uff09\u307e\u305f\u306f\u30e1\u30fc\u30eb\u30d5\u30a9\u30fc\u30e0  \u3088\u308a\u3001<br><strong>\u7a7a\u8abf\u8a2d\u5099<\/strong>\u306b\u3064\u3044\u3066\u304a\u6c17\u8efd\u306b\u3054\u76f8\u8ac7\u304f\u3060\u3055\u3044\u3002<\/li>\n\n\n\n<li><strong>\u73fe\u5730\u8abf\u67fb\u30fb\u30d2\u30a2\u30ea\u30f3\u30b0<\/strong> <br>\u5b9f\u969b\u306b\u304a\u4f3a\u3044\u3057\u3001\u8a2d\u7f6e\u5834\u6240\u306e\u72b6\u6cc1\u3084\u304a\u5ba2\u69d8\u306e\u3054\u8981\u671b\uff08\u3054\u4e88\u7b97\u30fb\u5e0c\u671b\u306e\u6a5f\u80fd\u306a\u3069\uff09\u3092\u8a73\u3057\u304f\u30d2\u30a2\u30ea\u30f3\u30b0\u3057\u307e\u3059\u3002<\/li>\n\n\n\n<li><strong>\u304a\u898b\u7a4d\u308a\u30fb\u3054\u63d0\u6848<\/strong> <br>\u73fe\u5730\u8abf\u67fb\u306e\u7d50\u679c\u306b\u57fa\u3065\u304d\u3001\u6700\u9069\u306a\u6a5f\u7a2e\u3068\u65bd\u5de5\u30d7\u30e9\u30f3\u3001\u8a73\u7d30\u306a\u304a\u898b\u7a4d\u66f8\u3092\u3054\u63d0\u793a\u3057\u307e\u3059\u3002<\/li>\n\n\n\n<li><strong>\u3054\u5951\u7d04\u30fb\u65bd\u5de5<\/strong> <br>\u3054\u63d0\u6848\u5185\u5bb9\u306b\u3054\u7d0d\u5f97\u3044\u305f\u3060\u3051\u307e\u3057\u305f\u3089\u3001\u3054\u5951\u7d04\u3068\u306a\u308a\u307e\u3059\u3002<br>\u304a\u5ba2\u69d8\u306e\u3054\u90fd\u5408\u306b\u5408\u308f\u305b\u3066\u65bd\u5de5\u65e5\u3092\u6c7a\u5b9a\u3057\u3001<br>\u30c1\u30fc\u30e0\u30ef\u30fc\u30af\u3092\u91cd\u8996\u3057\u305f  \u4e01\u5be7\u306a\u4f5c\u696d\u3067<strong>\u65b0\u8a2d<\/strong>\u5de5\u4e8b\u3092\u884c\u3044\u307e\u3059\u3002<\/li>\n\n\n\n<li><strong>\u304a\u5f15\u304d\u6e21\u3057\u30fb\u30a2\u30d5\u30bf\u30fc\u30d5\u30a9\u30ed\u30fc<\/strong> <br>\u8a66\u904b\u8ee2\u3092\u884c\u3044\u3001\u304a\u5ba2\u69d8\u306b\u64cd\u4f5c\u65b9\u6cd5\u306a\u3069\u3092\u3054\u8aac\u660e\u306e\u4e0a\u3001\u304a\u5f15\u304d\u6e21\u3057\u3068\u306a\u308a\u307e\u3059\u3002<br>\u8a2d\u7f6e\u5f8c\u306e\u30e1\u30f3\u30c6\u30ca\u30f3\u30b9\u3084\u3054\u76f8\u8ac7\u3082\u627f\u308a\u307e\u3059\u3002<\/li>\n<\/ol>\n\n\n\n<hr class=\"wp-block-separator has-alpha-channel-opacity\"\/>\n\n\n\n<h3 class=\"wp-block-heading\"><strong>\u7a7a\u8abf\u65b0\u8a2d\u306e\u3054\u76f8\u8ac7\u30fb\u304a\u898b\u7a4d\u308a\u306f\u3053\u3061\u3089<\/strong><\/h3>\n\n\n<div class=\"p-blogParts post_content\" data-partsID=\"171\"><p>\n<div class=\"wpcf7 no-js\" id=\"wpcf7-f164-o1\" lang=\"ja\" dir=\"ltr\" data-wpcf7-id=\"164\">\n<div class=\"screen-reader-response\"><p role=\"status\" aria-live=\"polite\" aria-atomic=\"true\"><\/p> <ul><\/ul><\/div>\n<form action=\"\/index.php?rest_route=%2Fwp%2Fv2%2Fpages%2F300#wpcf7-f164-o1\" method=\"post\" class=\"wpcf7-form init\" aria-label=\"\u30b3\u30f3\u30bf\u30af\u30c8\u30d5\u30a9\u30fc\u30e0\" novalidate=\"novalidate\" data-status=\"init\">\n<fieldset class=\"hidden-fields-container\"><input type=\"hidden\" name=\"_wpcf7\" value=\"164\" \/><input type=\"hidden\" name=\"_wpcf7_version\" value=\"6.1.2\" \/><input type=\"hidden\" name=\"_wpcf7_locale\" value=\"ja\" \/><input type=\"hidden\" name=\"_wpcf7_unit_tag\" value=\"wpcf7-f164-o1\" \/><input type=\"hidden\" name=\"_wpcf7_container_post\" value=\"0\" \/><input type=\"hidden\" name=\"_wpcf7_posted_data_hash\" value=\"\" \/>\n<\/fieldset>\n<table class=\"CF7_table\">\n\t<tr>\n\t\t<th>\n\t\t\t<p><span class=\"CF7_req\">\u5fc5\u9808<\/span> \u3054\u76f8\u8ac7\u5185\u5bb9\n\t\t\t<\/p>\n\t\t<\/th>\n\t\t<td>\n\t\t\t<p><span class=\"wpcf7-form-control-wrap\" data-name=\"checkbox-inq\"><span class=\"wpcf7-form-control wpcf7-checkbox wpcf7-validates-as-required\"><span class=\"wpcf7-list-item first\"><input type=\"checkbox\" name=\"checkbox-inq[]\" value=\"\u3054\u76f8\u8ac7\" \/><span class=\"wpcf7-list-item-label\">\u3054\u76f8\u8ac7<\/span><\/span><span class=\"wpcf7-list-item\"><input type=\"checkbox\" name=\"checkbox-inq[]\" value=\"\u304a\u898b\u7a4d\u3082\u308a\" \/><span class=\"wpcf7-list-item-label\">\u304a\u898b\u7a4d\u3082\u308a<\/span><\/span><span class=\"wpcf7-list-item\"><input type=\"checkbox\" name=\"checkbox-inq[]\" value=\"\u304a\u554f\u3044\u5408\u308f\u305b\" \/><span class=\"wpcf7-list-item-label\">\u304a\u554f\u3044\u5408\u308f\u305b<\/span><\/span><span class=\"wpcf7-list-item last\"><input type=\"checkbox\" name=\"checkbox-inq[]\" value=\"\u305d\u306e\u4ed6\" \/><span class=\"wpcf7-list-item-label\">\u305d\u306e\u4ed6<\/span><\/span><\/span><\/span>\n\t\t\t<\/p>\n\t\t<\/td>\n\t<\/tr>\n\t<tr>\n\t\t<th>\n\t\t\t<p><span class=\"CF7_req\">\u5fc5\u9808<\/span> \u304a\u540d\u524d\n\t\t\t<\/p>\n\t\t<\/th>\n\t\t<td>\n\t\t\t<p><span class=\"wpcf7-form-control-wrap\" data-name=\"your-name\"><input size=\"40\" maxlength=\"400\" class=\"wpcf7-form-control wpcf7-text wpcf7-validates-as-required\" aria-required=\"true\" aria-invalid=\"false\" placeholder=\"\u4f8b\uff1a\u3042\u306a\u305f\u306e\u304a\u540d\u524d\" value=\"\" type=\"text\" name=\"your-name\" \/><\/span>\n\t\t\t<\/p>\n\t\t<\/td>\n\t<\/tr>\n\t<tr>\n\t\t<th>\n\t\t\t<p><span class=\"CF7_req\">\u5fc5\u9808<\/span> \u30e1\u30fc\u30eb\u30a2\u30c9\u30ec\u30b9\n\t\t\t<\/p>\n\t\t<\/th>\n\t\t<td>\n\t\t\t<p><span class=\"wpcf7-form-control-wrap\" data-name=\"your-email\"><input size=\"40\" maxlength=\"400\" class=\"wpcf7-form-control wpcf7-email wpcf7-validates-as-required wpcf7-text wpcf7-validates-as-email\" aria-required=\"true\" aria-invalid=\"false\" placeholder=\"\u4f8b\uff1a\u00d7\u00d7\u00d7@\u00d7\u00d7\u00d7.com\" value=\"\" type=\"email\" name=\"your-email\" \/><\/span>\n\t\t\t<\/p>\n\t\t<\/td>\n\t<\/tr>\n\t<tr>\n\t\t<th>\n\t\t\t<p><span class=\"CF7_unreq\">\u4efb\u610f<\/span>\u4f1a\u793e\u540d\n\t\t\t<\/p>\n\t\t<\/th>\n\t\t<td>\n\t\t\t<p><span class=\"wpcf7-form-control-wrap\" data-name=\"your-company\"><input size=\"40\" maxlength=\"400\" class=\"wpcf7-form-control wpcf7-text\" aria-invalid=\"false\" placeholder=\"\u4f8b\uff1a\u25ef\u25ef\u682a\u5f0f\u4f1a\u793e\" value=\"\" type=\"text\" name=\"your-company\" \/><\/span>\n\t\t\t<\/p>\n\t\t<\/td>\n\t<\/tr>\n\t<tr>\n\t\t<th>\n\t\t\t<p><span class=\"CF7_req\">\u5fc5\u9808<\/span>\u90f5\u4fbf\u756a\u53f7\n\t\t\t<\/p>\n\t\t<\/th>\n\t\t<td>\n\t\t\t<p><span class=\"wpcf7-form-control-wrap\" data-name=\"zip\"><input size=\"40\" maxlength=\"400\" class=\"wpcf7-form-control wpcf7-text wpcf7-validates-as-required\" id=\"zip\" aria-required=\"true\" aria-invalid=\"false\" placeholder=\"\u4f8b\uff1a123-4567\" value=\"\" type=\"text\" name=\"zip\" \/><\/span>\n\t\t\t<\/p>\n\t\t<\/td>\n\t<\/tr>\n\t<tr>\n\t\t<th>\n\t\t\t<p><span class=\"CF7_req\">\u5fc5\u9808<\/span>\u90fd\u9053\u5e9c\u770c\n\t\t\t<\/p>\n\t\t<\/th>\n\t\t<td>\n\t\t\t<p><span class=\"wpcf7-form-control-wrap\" data-name=\"pref\"><input size=\"40\" maxlength=\"400\" class=\"wpcf7-form-control wpcf7-text wpcf7-validates-as-required\" id=\"pref\" aria-required=\"true\" aria-invalid=\"false\" placeholder=\"\u4f8b\uff1a\u6771\u4eac\u90fd\" value=\"\" type=\"text\" name=\"pref\" \/><\/span>\n\t\t\t<\/p>\n\t\t<\/td>\n\t<\/tr>\n\t<tr>\n\t\t<th>\n\t\t\t<p><span class=\"CF7_req\">\u5fc5\u9808<\/span>\u3054\u4f4f\u6240\n\t\t\t<\/p>\n\t\t<\/th>\n\t\t<td class=\"address-100\">\n\t\t\t<p><span class=\"wpcf7-form-control-wrap\" data-name=\"addr\"><input size=\"40\" maxlength=\"400\" class=\"wpcf7-form-control wpcf7-text wpcf7-validates-as-required\" id=\"addr\" aria-required=\"true\" aria-invalid=\"false\" placeholder=\"\u4f8b\uff1a\u4e2d\u592e\u533a\u9280\u5ea7\uff11\uff12\uff13\uff14\uff15\" value=\"\" type=\"text\" name=\"addr\" \/><\/span>\n\t\t\t<\/p>\n\t\t<\/td>\n\t<\/tr>\n\t<tr>\n\t\t<th>\n\t\t\t<p><span class=\"CF7_req\">\u5fc5\u9808<\/span>\u304a\u96fb\u8a71\u756a\u53f7\n\t\t\t<\/p>\n\t\t<\/th>\n\t\t<td>\n\t\t\t<p><span class=\"wpcf7-form-control-wrap\" data-name=\"your-tel\"><input size=\"40\" maxlength=\"400\" class=\"wpcf7-form-control wpcf7-text wpcf7-validates-as-required\" aria-required=\"true\" aria-invalid=\"false\" placeholder=\"\u4f8b\uff1a03-1234-5678\" value=\"\" type=\"text\" name=\"your-tel\" \/><\/span>\n\t\t\t<\/p>\n\t\t<\/td>\n\t<\/tr>\n\t<tr>\n\t\t<th>\n\t\t\t<p><span class=\"CF7_req\">\u5fc5\u9808<\/span>\u30e1\u30c3\u30bb\u30fc\u30b8\u672c\u6587\n\t\t\t<\/p>\n\t\t<\/th>\n\t\t<td class=\"message-100\">\n\t\t\t<p><span class=\"wpcf7-form-control-wrap\" data-name=\"your-message\"><textarea cols=\"40\" rows=\"10\" maxlength=\"2000\" class=\"wpcf7-form-control wpcf7-textarea wpcf7-validates-as-required\" aria-required=\"true\" aria-invalid=\"false\" placeholder=\"\u304a\u554f\u3044\u5408\u308f\u305b\u5185\u5bb9\u3092\u3054\u8a18\u5165\u304f\u3060\u3055\u3044\" name=\"your-message\"><\/textarea><\/span>\n\t\t\t<\/p>\n\t\t<\/td>\n\t<\/tr>\n<\/table>\n<p class=\"CF7_btn\"><input class=\"wpcf7-form-control wpcf7-submit has-spinner\" type=\"submit\" value=\"\u9001\u4fe1\u3059\u308b\" \/>\n<\/p><div class=\"wpcf7-response-output\" aria-hidden=\"true\"><\/div>\n<\/form>\n<\/div>\n<\/p>\n<\/div>","protected":false},"excerpt":{"rendered":"<p>\u7a7a\u8abf\u65b0\u8a2d\u5de5\u4e8b (SERVICE) \u5948\u826f\u3067\u9078\u3076\u3001\u78ba\u304b\u306a\u6280\u8853\u3002 \u5e97\u8217\u30fb\u30aa\u30d5\u30a3\u30b9\u306e\u7a7a\u8abf\u65b0\u8a2d\u306f\u6c60\u53e3\u7a7a\u8abf\u8a2d\u5099\u3078 \u6c60\u53e3\u7a7a\u8abf\u8a2d\u5099\u306f\u3001\u5948\u826f\u5e02\u3092\u62e0\u70b9\u306b\u3001\u7a7a\u8abf\u8a2d\u5099\u306e\u65b0\u8a2d\u5de5\u4e8b\u3092\u627f\u3063\u3066\u3044\u307e\u3059\u3002\u65b0\u898f\u30aa\u30fc\u30d7\u30f3\u3055\u308c\u308b\u5e97\u8217\u3084\u30aa\u30d5\u30a3\u30b9\u3001\u3054\u5bb6\u5ead\u306e\u30a8\u30a2\u30b3\u30f3\u65b0 [&hellip;]<\/p>\n","protected":false},"author":2,"featured_media":294,"parent":0,"menu_order":0,"comment_status":"closed","ping_status":"closed","template":"","meta":{"om_disable_all_campaigns":false,"_monsterinsights_skip_tracking":false,"_monsterinsights_sitenote_active":false,"_monsterinsights_sitenote_note":"","_monsterinsights_sitenote_category":0,"swell_btn_cv_data":"","footnotes":""},"class_list":["post-300","page","type-page","status-publish","has-post-thumbnail","hentry"],"aioseo_notices":[],"_links":{"self":[{"href":"https:\/\/ikeguchi-kucho.com\/index.php?rest_route=\/wp\/v2\/pages\/300","targetHints":{"allow":["GET"]}}],"collection":[{"href":"https:\/\/ikeguchi-kucho.com\/index.php?rest_route=\/wp\/v2\/pages"}],"about":[{"href":"https:\/\/ikeguchi-kucho.com\/index.php?rest_route=\/wp\/v2\/types\/page"}],"author":[{"embeddable":true,"href":"https:\/\/ikeguchi-kucho.com\/index.php?rest_route=\/wp\/v2\/users\/2"}],"replies":[{"embeddable":true,"href":"https:\/\/ikeguchi-kucho.com\/index.php?rest_route=%2Fwp%2Fv2%2Fcomments&post=300"}],"version-history":[{"count":1,"href":"https:\/\/ikeguchi-kucho.com\/index.php?rest_route=\/wp\/v2\/pages\/300\/revisions"}],"predecessor-version":[{"id":302,"href":"https:\/\/ikeguchi-kucho.com\/index.php?rest_route=\/wp\/v2\/pages\/300\/revisions\/302"}],"wp:featuredmedia":[{"embeddable":true,"href":"https:\/\/ikeguchi-kucho.com\/index.php?rest_route=\/wp\/v2\/media\/294"}],"wp:attachment":[{"href":"https:\/\/ikeguchi-kucho.com\/index.php?rest_route=%2Fwp%2Fv2%2Fmedia&parent=300"}],"curies":[{"name":"wp","href":"https:\/\/api.w.org\/{rel}","templated":true}]}}